{"id":63,"date":"2015-01-16T23:15:21","date_gmt":"2015-01-16T20:15:21","guid":{"rendered":"http:\/\/total.wpexplorer.com\/portfolio\/?page_id=63"},"modified":"2026-03-12T13:04:43","modified_gmt":"2026-03-12T10:04:43","slug":"contact-us","status":"publish","type":"page","link":"https:\/\/www.netsys.com.tr\/en\/contact-us\/","title":{"rendered":"Contact Us"},"content":{"rendered":"[vc_row css=&#8221;.vc_custom_1661555033383{margin-top: 0px !important;margin-bottom: 0px !important;}&#8221;][vc_column][vc_empty_space height=&#8221;10px&#8221; el_class=&#8221;gizle&#8221;][vc_single_image image=&#8221;1388&#8243; el_class=&#8221;gizle&#8221;][vc_empty_space]<div class=\"vcex-heading vcex-module wpex-text-2xl wpex-font-normal wpex-m-auto wpex-max-w-100 vcex-heading-plain wpex-block vc_custom_1674220554671 mobil display6 themegradient\"><span class=\"vcex-heading-inner wpex-inline-block wpex-clr\">WE ARE ALWAYS WITH YOU<\/span><\/div>[vc_empty_space][vc_column_text el_class=&#8221;paraglead&#8221;]We stand by our customers with the maintenance and support we provide to the most complex network and security infrastructures with the IT solutions we offer with our global partners.[\/vc_column_text][\/vc_column][\/vc_row][vc_row el_class=&#8221;mainbluedarken&#8221; local_scroll_id=&#8221;bize-ulasin&#8221; css=&#8221;.vc_custom_1661427689508{margin-top: 80px !important;}&#8221; el_id=&#8221;bizeulasinform&#8221;][vc_column]<div class=\"vcex-heading vcex-module wpex-text-2xl wpex-font-normal wpex-m-auto wpex-max-w-100 vcex-heading-plain wpex-block vc_custom_1663305734088 display6 themegradient mobilnormalbaslik\"><span class=\"vcex-heading-inner wpex-inline-block wpex-clr\">CONTACT US<\/span><\/div>[vc_empty_space][vc_column_text el_class=&#8221;regular16&#8243;]<span data-sheets-value=\"{&quot;1&quot;:2,&quot;2&quot;:&quot;To learn more about Netsys and its services, contact us by filling out the information form.&quot;}\" data-sheets-userformat=\"{&quot;2&quot;:769,&quot;3&quot;:{&quot;1&quot;:0},&quot;11&quot;:4,&quot;12&quot;:0}\">To learn more about NETSYS and its services, contact us by filling out the information form.<\/span>[\/vc_column_text][vc_empty_space]<div role=\"form\" class=\"wpcf7\" id=\"wpcf7-f765-o1\" lang=\"en-US\" dir=\"ltr\">\n<div class=\"screen-reader-response\"><p role=\"status\" aria-live=\"polite\" aria-atomic=\"true\"><\/p> <ul><\/ul><\/div>\n<form action=\"\/en\/wp-json\/wp\/v2\/pages\/63#wpcf7-f765-o1\" method=\"post\" class=\"wpcf7-form init\" novalidate=\"novalidate\" data-status=\"init\">\n<div style=\"display: none;\">\n<input type=\"hidden\" name=\"_wpcf7\" value=\"765\" \/>\n<input type=\"hidden\" name=\"_wpcf7_version\" value=\"5.6.2\" \/>\n<input type=\"hidden\" name=\"_wpcf7_locale\" value=\"en_US\" \/>\n<input type=\"hidden\" name=\"_wpcf7_unit_tag\" value=\"wpcf7-f765-o1\" \/>\n<input type=\"hidden\" name=\"_wpcf7_container_post\" value=\"0\" \/>\n<input type=\"hidden\" name=\"_wpcf7_posted_data_hash\" value=\"\" \/>\n<\/div>\n<div class=\"forminputdiv forminputs\">\n<label> <span class=\"requiredstar\">*<\/span> <span class=\"title\">Your Name and Surname<\/span><br \/>\n    <span class=\"wpcf7-form-control-wrap\" data-name=\"your-name\"><input type=\"text\" name=\"your-name\" value=\"\" size=\"40\" class=\"wpcf7-form-control wpcf7-text wpcf7-validates-as-required\" aria-required=\"true\" aria-invalid=\"false\" \/><\/span><br \/>\n<span class=\"vcex-heading-inner wpex-inline-block wpex-clr textbodymuted\">Please type your full name<\/span><\/label>\n<\/div>\n<div class=\"forminputdiv forminputs\">\n<label> <span class=\"requiredstar\">*<\/span> <span class=\"title\">Your E-mail<\/span><br \/>\n    <span class=\"wpcf7-form-control-wrap\" data-name=\"your-email\"><input type=\"email\" name=\"your-email\" value=\"\" size=\"40\" class=\"wpcf7-form-control wpcf7-text wpcf7-email wpcf7-validates-as-required wpcf7-validates-as-email\" aria-required=\"true\" aria-invalid=\"false\" \/><\/span> <\/label>\n<\/div>\n<div class=\"forminputdiv forminputs\">\n<label> <span class=\"requiredstar\">*<\/span> <span class=\"title\">Phone Number<\/span><br \/>\n    <span class=\"wpcf7-form-control-wrap\" data-name=\"phonetext\"><input type=\"text\" name=\"phonetext\" value=\"\" size=\"40\" class=\"wpcf7-form-control wpcf7-text wpcf7-phonetext wpcf7-validates-as-required wpcf7-validates-as-phonetext\" data-numberonly=\"true\" aria-required=\"true\" aria-invalid=\"false\" \/><input type=\"hidden\" name=\"phonetext-country-code\" class=\"wpcf7-phonetext-country-code\" \/><\/span> <\/label>\n<\/div>\n<div class=\"vcex-spacing wpex-w-100 wpex-clear goster\" style=\"height:40px;\"><\/div>\n<div class=\"forminputdiv forminputs\">\n<label> <span class=\"requiredstar\">*<\/span> <span class=\"title\">Subject<\/span><br \/>\n    <span class=\"wpcf7-form-control-wrap\" data-name=\"your-subject\"><input type=\"text\" name=\"your-subject\" value=\"\" size=\"40\" class=\"wpcf7-form-control wpcf7-text wpcf7-validates-as-required\" aria-required=\"true\" aria-invalid=\"false\" \/><\/span> <\/label>\n<\/div>\n<div class=\"vcex-spacing wpex-w-100 wpex-clear goster\" style=\"height:40px;\"><\/div>\n<div class=\"forminputs\" style=\"float:left; width:99%\">\n<label> <span class=\"requiredstar\">*<\/span> <span class=\"title\">Message<\/span><br \/>\n    <span class=\"wpcf7-form-control-wrap\" data-name=\"your-message\"><textarea name=\"your-message\" cols=\"40\" rows=\"10\" class=\"wpcf7-form-control wpcf7-textarea wpcf7-validates-as-required\" aria-required=\"true\" aria-invalid=\"false\"><\/textarea><\/span><\/label>\n<\/div>\n<div class=\"vcex-spacing wpex-w-100 wpex-clear\" style=\"height:40px;\"><span id=\"wpcf7-69d25f8e174f5-wrapper\" class=\"wpcf7-form-control-wrap familyname-wrap\" ><label for=\"wpcf7-69d25f8e174f5-field\" class=\"hp-message\">Please leave this field empty.<\/label><input id=\"wpcf7-69d25f8e174f5-field\"  class=\"wpcf7-form-control wpcf7-text\" type=\"text\" name=\"familyname\" value=\"\" size=\"40\" tabindex=\"-1\" autocomplete=\"new-password\" \/><\/span><\/div>\n<p><input type=\"submit\" value=\"Send\" class=\"wpcf7-form-control has-spinner wpcf7-submit btnlarge hoverdark mobil\" \/><\/p>\n<div class=\"wpcf7-response-output\" aria-hidden=\"true\"><\/div><\/form><\/div>[\/vc_column][\/vc_row][vc_row][vc_column][vc_empty_space height=&#8221;55px&#8221;]<div class=\"vcex-heading vcex-module wpex-text-2xl wpex-font-normal wpex-m-auto wpex-max-w-100 vcex-heading-plain wpex-block vc_custom_1678893676932 display6 themegradient mobilnormalbaslik\"><span class=\"vcex-heading-inner wpex-inline-block wpex-clr\">COMMERCIAL INFORMATION<\/span><\/div>[vc_empty_space][vc_column_text el_class=&#8221;regular16&#8243;]<strong>NETSYS Bili\u015fim Ticaret Anonim \u015eirketi<\/strong><br \/>\nTax Office: \u00dcsk\u00fcdar<br \/>\nTax Number: 631 121 51 06<br \/>\nMERSIS Number: 0631-1215-1060-0001<br \/>\nChamber of Commerce: Istanbul<br \/>\nTrade Registry Number: 77362-5<br \/>\nKEP Adress: <a class=\"notion-link-token notion-focusable-token notion-enable-hover\" tabindex=\"0\" href=\"mailto:netsys@hs01.kep.tr\" rel=\"noopener noreferrer\" data-token-index=\"1\"><span class=\"link-annotation-unknown-block-id--2013045040\">netsys@hs01.kep.tr<\/span><\/a><!-- notionvc: 8a97f8c3-6753-42e3-b9a6-29fa4b2204e4 -->[\/vc_column_text][vc_empty_space][vc_column_text el_class=&#8221;regular16&#8243;]<strong>Bank, IBAN Information, and Account Numbers<\/strong><br \/>\n<strong>\u0130\u015f Bank<span class=\"s1\"><b> \u0130mes Industrial\u00a0<\/b><\/span> Branch \/ Branch Code \u2013 <span class=\"s1\"><b>1114<\/b><\/span><\/strong><br \/>\n<span class=\"s1\"><b>TRY :<\/b> TR14 0006 4000 0011 1140 9733 15<br \/>\n<b>USD<\/b> : TR79 0006 4000 0021 1143 5695 09<br \/>\n<strong>EUR<\/strong> : TR41 0006 4000 0021 1143 5695 14<br \/>\n<strong>SWIFT Code<\/strong>: ISBKTRIS<br \/>\n<\/span><\/p>\n[\/vc_column_text][\/vc_column][\/vc_row][vc_row css=&#8221;.vc_custom_1660935512784{margin-top: 50px !important;}&#8221;][vc_column]<div class=\"vcex-heading vcex-module wpex-text-2xl wpex-font-normal wpex-m-auto wpex-max-w-100 vcex-heading-plain wpex-block vc_custom_1663305766597 display6 themegradient mobilnormalbaslik\"><span class=\"vcex-heading-inner wpex-inline-block wpex-clr\">CONTACT INFORMATION<\/span><\/div>[vc_empty_space][vc_column_text el_class=&#8221;text-small-regular themeprimarydark ikonluiletisim&#8221;]<img src=\"https:\/\/www.netsys.com.tr\/wp-content\/uploads\/2022\/08\/phone.png\" width=\"16\" \/>0212 281 10 00<\/p>\n<p><img src=\"https:\/\/www.netsys.com.tr\/wp-content\/uploads\/2022\/08\/email.png\" width=\"16\" \/><a href=\"mailto:info@netsys.com.tr\">info@netsys.com.tr<\/a><\/p>\n<p><img src=\"https:\/\/www.netsys.com.tr\/wp-content\/uploads\/2022\/08\/location.png\" width=\"16\" \/>Altunizade Mahallesi, K\u0131s\u0131kl\u0131 Caddesi. No:2, Ak \u0130\u015f Merkezi, Kat:1\/A, 34662, \u00dcsk\u00fcdar\/\u0130stanbul[\/vc_column_text][vc_empty_space height=&#8221;80px&#8221;][\/vc_column][\/vc_row]\n","protected":false},"excerpt":{"rendered":"<p>[vc_row css=&#8221;.vc_custom_1661555033383{margin-top: 0px !important;margin-bottom: 0px !important;}&#8221;][vc_column][vc_empty_space height=&#8221;10px&#8221; el_class=&#8221;gizle&#8221;][vc_single_image image=&#8221;1388&#8243; el_class=&#8221;gizle&#8221;][vc_empty_space][vc_empty_space][vc_column_text el_class=&#8221;paraglead&#8221;]We stand by our customers with the maintenance and support we provide to the most complex network and security infrastructures with the IT solutions we offer with our global partners.[\/vc_column_text][\/vc_column][\/vc_row][vc_row el_class=&#8221;mainbluedarken&#8221; local_scroll_id=&#8221;bize-ulasin&#8221; css=&#8221;.vc_custom_1661427689508{margin-top: 80px !important;}&#8221; el_id=&#8221;bizeulasinform&#8221;][vc_column][vc_empty_space][vc_column_text el_class=&#8221;regular16&#8243;]To learn more about NETSYS and its services, contact&hellip;<\/p>\n","protected":false},"author":1,"featured_media":655,"parent":0,"menu_order":0,"comment_status":"open","ping_status":"closed","template":"","meta":[],"acf":[],"_links":{"self":[{"href":"https:\/\/www.netsys.com.tr\/en\/wp-json\/wp\/v2\/pages\/63"}],"collection":[{"href":"https:\/\/www.netsys.com.tr\/en\/wp-json\/wp\/v2\/pages"}],"about":[{"href":"https:\/\/www.netsys.com.tr\/en\/wp-json\/wp\/v2\/types\/page"}],"author":[{"embeddable":true,"href":"https:\/\/www.netsys.com.tr\/en\/wp-json\/wp\/v2\/users\/1"}],"replies":[{"embeddable":true,"href":"https:\/\/www.netsys.com.tr\/en\/wp-json\/wp\/v2\/comments?post=63"}],"version-history":[{"count":66,"href":"https:\/\/www.netsys.com.tr\/en\/wp-json\/wp\/v2\/pages\/63\/revisions"}],"predecessor-version":[{"id":3587,"href":"https:\/\/www.netsys.com.tr\/en\/wp-json\/wp\/v2\/pages\/63\/revisions\/3587"}],"wp:featuredmedia":[{"embeddable":true,"href":"https:\/\/www.netsys.com.tr\/en\/wp-json\/wp\/v2\/media\/655"}],"wp:attachment":[{"href":"https:\/\/www.netsys.com.tr\/en\/wp-json\/wp\/v2\/media?parent=63"}],"curies":[{"name":"wp","href":"https:\/\/api.w.org\/{rel}","templated":true}]}}