{"id":73,"date":"2015-01-16T23:49:54","date_gmt":"2015-01-16T20:49:54","guid":{"rendered":"http:\/\/total.wpexplorer.com\/portfolio\/?page_id=73"},"modified":"2026-02-18T17:44:59","modified_gmt":"2026-02-18T14:44:59","slug":"about-us","status":"publish","type":"page","link":"https:\/\/www.netsys.com.tr\/en\/about-us\/","title":{"rendered":"About Us"},"content":{"rendered":"[vc_row css=&#8221;.vc_custom_1661578758283{margin-top: 0px !important;}&#8221;][vc_column][vc_empty_space height=&#8221;160px&#8221; el_class=&#8221;goster&#8221;][vc_row_inner content_placement=&#8221;middle&#8221;][vc_column_inner width=&#8221;2\/3&#8243;][vc_empty_space height=&#8221;60px&#8221; el_class=&#8221;gizle&#8221;][vc_single_image image=&#8221;1406&#8243; alignment=&#8221;center&#8221; el_class=&#8221;gizle&#8221;]<div class=\"vcex-heading vcex-module wpex-text-2xl wpex-font-normal wpex-m-auto wpex-max-w-100 vcex-heading-plain wpex-block display6 themegradient\"><span class=\"vcex-heading-inner wpex-inline-block wpex-clr\">ABOUT US<\/span><\/div>[vc_column_text css=&#8221;.vc_custom_1726056767154{margin-top: 32px !important;}&#8221; el_class=&#8221;paraglead&#8221;]NETSYS Bili\u015fim Ticaret Anonim \u015eirketi, which was established in 2017 to add a different perspective to training and consultancy services in the field of information technologies, was established by a team that has provided and organized training services to more than 30,000 people in the IT sector for more than 20 years.<\/p>\n<p>Our expert staff, who believe in the universal power of sharing in every subject, will provide the necessary support and sharing to the industry in order to minimize the expert shortage that the IT industry will need in the coming years.<\/p>\n<p>Our main goal is to determine the special training needs of institutions and individuals, to provide consultancy in the field of Network and Security, and to offer technical and after-sales services together with partner companies.[\/vc_column_text][\/vc_column_inner][vc_column_inner el_class=&#8221;goster&#8221; width=&#8221;1\/3&#8243;][vc_empty_space height=&#8221;60px&#8221; el_class=&#8221;goster&#8221;][vc_single_image image=&#8221;692&#8243; alignment=&#8221;right&#8221;][\/vc_column_inner][\/vc_row_inner][vc_row_inner css=&#8221;.vc_custom_1660812753940{margin-top: 50px !important;}&#8221;][vc_column_inner]<div class=\"vcex-heading vcex-module wpex-text-2xl wpex-font-normal wpex-m-auto wpex-max-w-100 vcex-heading-plain wpex-block display6 themegradient mobilnormalbaslik\"><span class=\"vcex-heading-inner wpex-inline-block wpex-clr\">MISSION<\/span><\/div>[vc_column_text el_class=&#8221;paraglead&#8221; css=&#8221;.vc_custom_1726056786846{margin-top: 32px !important;}&#8221;]We provide the cyber security services, trainings, and solutions that our customers require without interruption, thanks to our more than 20 years of expertise and collaboration with our worldwide business partners. Throughout our collaboration journey, we have continued to deliver continuous support services to our clients through our honest, attentive, and careful approach with our experienced employees.[\/vc_column_text][\/vc_column_inner][\/vc_row_inner][vc_row_inner css=&#8221;.vc_custom_1660812747939{margin-top: 50px !important;}&#8221;][vc_column_inner]<div class=\"vcex-heading vcex-module wpex-text-2xl wpex-font-normal wpex-m-auto wpex-max-w-100 vcex-heading-plain wpex-block display6 themegradient mobilnormalbaslik\"><span class=\"vcex-heading-inner wpex-inline-block wpex-clr\">VISION<\/span><\/div>[vc_column_text el_class=&#8221;paraglead&#8221; css=&#8221;.vc_custom_1726056809843{margin-top: 32px !important;}&#8221;]Our major objective is to be one of the three most dependable and preferred firms in Turkey by constantly putting customer pleasure and quality first. With our local and worldwide growth-oriented high-scale technological investments, we will continue to give the finest quality and long-term service to our customers and brands.[\/vc_column_text][\/vc_column_inner][\/vc_row_inner][vc_row_inner css=&#8221;.vc_custom_1660812741291{margin-top: 50px !important;}&#8221;][vc_column_inner]<div class=\"vcex-heading vcex-module wpex-text-2xl wpex-font-normal wpex-m-auto wpex-max-w-100 vcex-heading-plain wpex-block display6 themegradient mobilnormalbaslik\"><span class=\"vcex-heading-inner wpex-inline-block wpex-clr\">OUR VALUES<\/span><\/div>[vc_column_text el_class=&#8221;paraglead&#8221; css=&#8221;.vc_custom_1726056891217{margin-top: 32px !important;}&#8221;]With our belief that our value will increase as long as our services provide satisfaction;<\/p>\n<ul>\n<li>We focus on providing uninterrupted service with our experienced and dynamic team.<\/li>\n<li>We aim to find solutions to the values \u200b\u200band deficiencies of the sector we serve.<\/li>\n<li>We stand by all our customers with our reliable and professional approach.<\/li>\n<li>We take care to ensure that the bond we establish with our customers is strong and based.<\/li>\n<\/ul>\n[\/vc_column_text][\/vc_column_inner][\/vc_row_inner][vc_row_inner][vc_column_inner][vc_empty_space height=&#8221;35px&#8221;]<div class=\"vcex-heading vcex-module wpex-text-2xl wpex-font-normal wpex-m-auto wpex-max-w-100 vcex-heading-plain wpex-block display6 themegradient mobilnormalbaslik\"><span class=\"vcex-heading-inner wpex-inline-block wpex-clr\">CERTIFICATES<\/span><\/div>[\/vc_column_inner][\/vc_row_inner][vc_row_inner][vc_column_inner width=&#8221;1\/6&#8243;][vc_single_image image=&#8221;2893&#8243; style=&#8221;vc_box_shadow&#8221;][\/vc_column_inner][vc_column_inner width=&#8221;1\/6&#8243;][vc_single_image image=&#8221;2894&#8243; style=&#8221;vc_box_shadow&#8221;][\/vc_column_inner][vc_column_inner width=&#8221;1\/6&#8243;][vc_single_image image=&#8221;2895&#8243; style=&#8221;vc_box_shadow&#8221;][\/vc_column_inner][vc_column_inner width=&#8221;1\/6&#8243;][vc_single_image image=&#8221;2897&#8243; style=&#8221;vc_box_shadow&#8221;][\/vc_column_inner][vc_column_inner width=&#8221;1\/6&#8243;][vc_single_image image=&#8221;2898&#8243; style=&#8221;vc_box_shadow&#8221;][\/vc_column_inner][vc_column_inner width=&#8221;1\/6&#8243;][vc_single_image image=&#8221;2899&#8243; style=&#8221;vc_box_shadow&#8221;][\/vc_column_inner][\/vc_row_inner][vc_row_inner css=&#8221;.vc_custom_1660812733358{margin-top: 50px !important;}&#8221;][vc_column_inner]<div class=\"vcex-heading vcex-module wpex-text-2xl wpex-font-normal wpex-m-auto wpex-max-w-100 vcex-heading-plain wpex-block display6 themegradient\"><span class=\"vcex-heading-inner wpex-inline-block wpex-clr\">OUR CREW<\/span><\/div>[vc_column_text el_class=&#8221;paraglead&#8221; css=&#8221;.vc_custom_1726056926202{margin-top: 32px !important;}&#8221;]NETSYS Bili\u015fim Ticaret Anonim \u015eirketi, which was established in 2017 to add a different perspective to training and consultancy services in the field of information technologies, was established by a team that has provided and organized training services to more than 30,000 people in the IT sector for more than 20 years.[\/vc_column_text][\/vc_column_inner][\/vc_row_inner][vc_row_inner css=&#8221;.vc_custom_1684943568915{margin-top: 30px !important;}&#8221; el_class=&#8221;theteam&#8221;][vc_column_inner el_class=&#8221;wpb_column vc_column_container vc_col-sm-3 vc_col-xs-6&#8243; width=&#8221;1\/4&#8243; offset=&#8221;vc_col-xs-6&#8243;][vc_single_image image=&#8221;2278&#8243; alignment=&#8221;left&#8221;][vc_column_text el_class=&#8221;paraglead pt10L8&#8243; css=&#8221;.vc_custom_1726057324844{margin-top: 10px !important;}&#8221;]<strong><span class=\"paralead\">CEO<\/span><\/strong><br \/>\nSemih Y\u00fcksel[\/vc_column_text][\/vc_column_inner][vc_column_inner el_class=&#8221;wpb_column vc_column_container vc_col-sm-3 vc_col-xs-6&#8243; width=&#8221;1\/4&#8243; offset=&#8221;vc_col-xs-6&#8243;][vc_single_image image=&#8221;2023&#8243; alignment=&#8221;left&#8221;][vc_column_text el_class=&#8221;paraglead pt10L8&#8243; css=&#8221;.vc_custom_1752758497931{margin-top: 10px !important;}&#8221;]<strong>CDO \/ Senior Technology Consultant<\/strong><br \/>\n\u00d6mer \u0130lk[\/vc_column_text][\/vc_column_inner][vc_column_inner el_class=&#8221;wpb_column vc_column_container vc_col-sm-3 vc_col-xs-6&#8243; width=&#8221;1\/4&#8243; offset=&#8221;vc_col-xs-6&#8243;][vc_single_image image=&#8221;2132&#8243; alignment=&#8221;left&#8221;][vc_column_text el_class=&#8221;paraglead pt10L8&#8243; css=&#8221;.vc_custom_1752758512214{margin-top: 10px !important;}&#8221;]<strong>CMO \/ Marketing &amp; Training<\/strong><br \/>\nG\u00f6n\u00fcl Y\u00fcksel[\/vc_column_text][\/vc_column_inner][vc_column_inner width=&#8221;1\/4&#8243;][\/vc_column_inner][\/vc_row_inner][vc_row_inner css=&#8221;.vc_custom_1684943568915{margin-top: 30px !important;}&#8221; el_class=&#8221;theteam&#8221;][vc_column_inner el_class=&#8221;wpb_column vc_column_container vc_col-sm-3 vc_col-xs-6&#8243; width=&#8221;1\/4&#8243; offset=&#8221;vc_col-xs-6&#8243;][vc_single_image image=&#8221;2149&#8243; alignment=&#8221;left&#8221;][vc_column_text el_class=&#8221;paraglead pt10L8&#8243; css=&#8221;.vc_custom_1752758640753{margin-top: 10px !important;}&#8221;]<strong>CTO<\/strong><br \/>\nMustafa U\u00e7ar[\/vc_column_text][\/vc_column_inner][vc_column_inner el_class=&#8221;wpb_column vc_column_container vc_col-sm-3 vc_col-xs-6&#8243; width=&#8221;1\/4&#8243; offset=&#8221;vc_col-xs-6&#8243;][vc_single_image image=&#8221;2015&#8243; alignment=&#8221;left&#8221;][vc_column_text el_class=&#8221;paraglead pt10L8&#8243; css=&#8221;.vc_custom_1752758650644{margin-top: 10px !important;}&#8221;]<strong>Cyber Security Manager<\/strong><br \/>\nEnder Piyale[\/vc_column_text][\/vc_column_inner][vc_column_inner width=&#8221;1\/4&#8243;][vc_single_image image=&#8221;2014&#8243; alignment=&#8221;left&#8221;][vc_column_text el_class=&#8221;paraglead pt10L8&#8243; css=&#8221;.vc_custom_1752758661993{margin-top: 10px !important;}&#8221;]<strong>Service Operation Center Manager<\/strong><br \/>\nEmin \u00dcmit Arslancan[\/vc_column_text][\/vc_column_inner][vc_column_inner width=&#8221;1\/4&#8243;][\/vc_column_inner][\/vc_row_inner][vc_row_inner css=&#8221;.vc_custom_1684943568915{margin-top: 30px !important;}&#8221; el_class=&#8221;theteam&#8221;][vc_column_inner el_class=&#8221;wpb_column vc_column_container vc_col-sm-3 vc_col-xs-6&#8243; width=&#8221;1\/4&#8243; offset=&#8221;vc_col-xs-6&#8243;][vc_single_image image=&#8221;2828&#8243; alignment=&#8221;left&#8221;][vc_column_text el_class=&#8221;paraglead pt10L8&#8243; css=&#8221;.vc_custom_1752758705913{margin-top: 10px !important;}&#8221;]<strong>Security Operation Center Manager<\/strong><br \/>\nEylem K\u0131rt\u0131lo\u011flu[\/vc_column_text][\/vc_column_inner][vc_column_inner el_class=&#8221;wpb_column vc_column_container vc_col-sm-3 vc_col-xs-6&#8243; width=&#8221;1\/4&#8243; offset=&#8221;vc_col-xs-6&#8243;][vc_single_image image=&#8221;2151&#8243; alignment=&#8221;left&#8221;][vc_column_text el_class=&#8221;paraglead pt10L8&#8243; css=&#8221;.vc_custom_1752758714883{margin-top: 10px !important;}&#8221;]<strong>Network Security Manager<\/strong><br \/>\n\u0130smail Kurnaz[\/vc_column_text][\/vc_column_inner][vc_column_inner width=&#8221;1\/4&#8243;][vc_single_image image=&#8221;3205&#8243; alignment=&#8221;left&#8221;][vc_column_text el_class=&#8221;paraglead pt10L8&#8243; css=&#8221;.vc_custom_1752758722598{margin-top: 10px !important;}&#8221;]<strong>Application Security Team Leader<br \/>\n<\/strong>Fatih \u00c7elik[\/vc_column_text][\/vc_column_inner][vc_column_inner width=&#8221;1\/4&#8243;][vc_single_image image=&#8221;2832&#8243; alignment=&#8221;left&#8221;][vc_column_text el_class=&#8221;paraglead pt10L8&#8243; css=&#8221;.vc_custom_1752758730652{margin-top: 10px !important;}&#8221;]<strong>Cyber Security Team Leader<br \/>\n<\/strong>G\u00f6kmen F\u0131rat[\/vc_column_text][\/vc_column_inner][\/vc_row_inner][vc_row_inner css=&#8221;.vc_custom_1684943568915{margin-top: 30px !important;}&#8221; el_class=&#8221;theteam&#8221;][vc_column_inner el_class=&#8221;wpb_column vc_column_container vc_col-sm-3 vc_col-xs-6&#8243; width=&#8221;1\/4&#8243; offset=&#8221;vc_col-xs-6&#8243;][vc_single_image image=&#8221;3199&#8243; alignment=&#8221;left&#8221;][vc_column_text el_class=&#8221;paraglead pt10L8&#8243; css=&#8221;.vc_custom_1752758750122{margin-top: 10px !important;}&#8221;]<strong>CSO \/ Sales<\/strong><br \/>\nCem Erman[\/vc_column_text][\/vc_column_inner][vc_column_inner el_class=&#8221;wpb_column vc_column_container vc_col-sm-3 vc_col-xs-6&#8243; width=&#8221;1\/4&#8243; offset=&#8221;vc_col-xs-6&#8243;][vc_single_image image=&#8221;2152&#8243; alignment=&#8221;left&#8221;][vc_column_text el_class=&#8221;paraglead pt10L8&#8243; css=&#8221;.vc_custom_1771425882300{margin-top: 10px !important;}&#8221;]<strong><span class=\"paralead\"><b>Sales<\/b><b><span lang=\"TR\">\u00a0Director<\/span><\/b><\/span><\/strong><br \/>\nMesut Bor[\/vc_column_text][\/vc_column_inner][vc_column_inner width=&#8221;1\/4&#8243;][vc_single_image image=&#8221;3201&#8243; alignment=&#8221;left&#8221;][vc_column_text el_class=&#8221;paraglead pt10L8&#8243; css=&#8221;.vc_custom_1752758855400{margin-top: 10px !important;}&#8221;]<strong>Enterprise Sales Manager<br \/>\n<\/strong>Esin Nur Kaya[\/vc_column_text][\/vc_column_inner][vc_column_inner el_class=&#8221;wpb_column vc_column_container vc_col-sm-3 vc_col-xs-6&#8243; width=&#8221;1\/4&#8243; offset=&#8221;vc_col-xs-6&#8243;][\/vc_column_inner][\/vc_row_inner][vc_row_inner css=&#8221;.vc_custom_1684943568915{margin-top: 30px !important;}&#8221; el_class=&#8221;theteam&#8221;][vc_column_inner el_class=&#8221;wpb_column vc_column_container vc_col-sm-3 vc_col-xs-6&#8243; width=&#8221;1\/4&#8243; offset=&#8221;vc_col-xs-6&#8243;][vc_single_image image=&#8221;3200&#8243; alignment=&#8221;left&#8221;][vc_column_text el_class=&#8221;paraglead pt10L8&#8243; css=&#8221;.vc_custom_1752758847854{margin-top: 10px !important;}&#8221;]<strong>Enterprise Sales Manager<br \/>\n<\/strong>Emre Saka[\/vc_column_text][\/vc_column_inner][vc_column_inner width=&#8221;1\/4&#8243;][vc_single_image image=&#8221;3508&#8243; alignment=&#8221;left&#8221;][vc_column_text el_class=&#8221;paraglead pt10L8&#8243; css=&#8221;.vc_custom_1769594125250{margin-top: 10px !important;}&#8221;]<strong><b>Enterprise Sales Manager<br \/>\n<\/b><\/strong>Enes Ren\u00e7ber<\/p>\n<div class=\"wpb_column vc_column_container vc_col-sm-3 vc_col-xs-6 vc_column_container vc_col-sm-3 vc_col-xs-6\">\n<div class=\"vc_column-inner\">\n<div class=\"wpb_wrapper\"><\/div>\n<\/div>\n<\/div>\n[\/vc_column_text][\/vc_column_inner][vc_column_inner width=&#8221;1\/4&#8243;][vc_single_image image=&#8221;2835&#8243; alignment=&#8221;left&#8221;][vc_column_text el_class=&#8221;paraglead pt10L8&#8243; css=&#8221;.vc_custom_1752758902597{margin-top: 10px !important;}&#8221;]<strong>Presales Manager<\/strong><br \/>\nHulusi Bar\u0131\u015f Tellio\u011flu[\/vc_column_text][\/vc_column_inner][vc_column_inner width=&#8221;1\/4&#8243;][vc_single_image image=&#8221;3204&#8243; alignment=&#8221;left&#8221;][vc_column_text el_class=&#8221;paraglead pt10L8&#8243; css=&#8221;.vc_custom_1770804670235{margin-top: 10px !important;}&#8221;]<b><span lang=\"TR\">Presales Manager<\/span><\/b><br \/>\nErhan G\u00fcnd\u00fcz[\/vc_column_text][\/vc_column_inner][\/vc_row_inner][vc_row_inner css=&#8221;.vc_custom_1684943568915{margin-top: 30px !important;}&#8221; el_class=&#8221;theteam&#8221;][vc_column_inner el_class=&#8221;wpb_column vc_column_container vc_col-sm-3 vc_col-xs-6&#8243; width=&#8221;1\/4&#8243; offset=&#8221;vc_col-xs-6&#8243;][vc_single_image image=&#8221;2134&#8243; alignment=&#8221;left&#8221;][vc_column_text el_class=&#8221;paraglead pt10L8&#8243; css=&#8221;.vc_custom_1771425838457{margin-top: 10px !important;}&#8221;]<strong><span class=\"paralead\"><b>Strategic\u00a0<\/b><b><span lang=\"TR\">Account\u00a0<\/span>and Channel Director<\/b><\/span><\/strong><br \/>\nG\u00f6ksel Perkin[\/vc_column_text][\/vc_column_inner][vc_column_inner el_class=&#8221;wpb_column vc_column_container vc_col-sm-3 vc_col-xs-6&#8243; width=&#8221;1\/4&#8243; offset=&#8221;vc_col-xs-6&#8243;][vc_single_image image=&#8221;2013&#8243; alignment=&#8221;left&#8221;][vc_column_text el_class=&#8221;paraglead pt10L8&#8243; css=&#8221;.vc_custom_1771425821582{margin-top: 10px !important;}&#8221;]<strong><span class=\"paralead\">Technical Operations<span lang=\"TR\">\u00a0Director<br \/>\n<\/span><\/span><\/strong>Bur\u00e7 Sert[\/vc_column_text][\/vc_column_inner][vc_column_inner el_class=&#8221;wpb_column vc_column_container vc_col-sm-3 vc_col-xs-6&#8243; width=&#8221;1\/4&#8243; offset=&#8221;vc_col-xs-6&#8243;][vc_single_image image=&#8221;2844&#8243; alignment=&#8221;left&#8221;][vc_column_text el_class=&#8221;paraglead pt10L8&#8243; css=&#8221;.vc_custom_1752758892609{margin-top: 10px !important;}&#8221;]<strong>Project Director<\/strong><br \/>\nNihal \u00d6zt\u00fcrk[\/vc_column_text][\/vc_column_inner][vc_column_inner width=&#8221;1\/4&#8243;][\/vc_column_inner][\/vc_row_inner][vc_row_inner css=&#8221;.vc_custom_1684943568915{margin-top: 30px !important;}&#8221; el_class=&#8221;theteam&#8221;][vc_column_inner el_class=&#8221;wpb_column vc_column_container vc_col-sm-3 vc_col-xs-6&#8243; width=&#8221;1\/4&#8243; offset=&#8221;vc_col-xs-6&#8243;][vc_single_image image=&#8221;3202&#8243; alignment=&#8221;left&#8221;][vc_column_text el_class=&#8221;paraglead pt10L8&#8243; css=&#8221;.vc_custom_1752758937116{margin-top: 10px !important;}&#8221;]<strong>HR Manager<\/strong><br \/>\nH\u00fclya \u00c7ift\u00e7i Dan\u0131\u015f[\/vc_column_text][\/vc_column_inner][vc_column_inner el_class=&#8221;wpb_column vc_column_container vc_col-sm-3 vc_col-xs-6&#8243; width=&#8221;1\/4&#8243; offset=&#8221;vc_col-xs-6&#8243;][vc_single_image image=&#8221;3001&#8243; alignment=&#8221;left&#8221;][vc_column_text el_class=&#8221;paraglead pt10L8&#8243; css=&#8221;.vc_custom_1752758945184{margin-top: 10px !important;}&#8221;]<strong>Director of International Strategy and Business<\/strong><br \/>\n\u00d6zge \u00c7if\u00e7i \u015eenyurt[\/vc_column_text][\/vc_column_inner][vc_column_inner el_class=&#8221;wpb_column vc_column_container vc_col-sm-3 vc_col-xs-6&#8243; width=&#8221;1\/4&#8243; offset=&#8221;vc_col-xs-6&#8243;][\/vc_column_inner][vc_column_inner width=&#8221;1\/4&#8243;][\/vc_column_inner][\/vc_row_inner][\/vc_column][\/vc_row]\n","protected":false},"excerpt":{"rendered":"<p>[vc_row css=&#8221;.vc_custom_1661578758283{margin-top: 0px !important;}&#8221;][vc_column][vc_empty_space height=&#8221;160px&#8221; el_class=&#8221;goster&#8221;][vc_row_inner content_placement=&#8221;middle&#8221;][vc_column_inner width=&#8221;2\/3&#8243;][vc_empty_space height=&#8221;60px&#8221; el_class=&#8221;gizle&#8221;][vc_single_image image=&#8221;1406&#8243; alignment=&#8221;center&#8221; el_class=&#8221;gizle&#8221;][vc_column_text css=&#8221;.vc_custom_1726056767154{margin-top: 32px !important;}&#8221; el_class=&#8221;paraglead&#8221;]NETSYS Bili\u015fim Ticaret Anonim \u015eirketi, which was established in 2017 to add a different perspective to training and consultancy services in the field of information technologies, was established by a team that has provided and organized training services to&hellip;<\/p>\n","protected":false},"author":1,"featured_media":0,"parent":0,"menu_order":0,"comment_status":"closed","ping_status":"closed","template":"","meta":[],"acf":[],"_links":{"self":[{"href":"https:\/\/www.netsys.com.tr\/en\/wp-json\/wp\/v2\/pages\/73"}],"collection":[{"href":"https:\/\/www.netsys.com.tr\/en\/wp-json\/wp\/v2\/pages"}],"about":[{"href":"https:\/\/www.netsys.com.tr\/en\/wp-json\/wp\/v2\/types\/page"}],"author":[{"embeddable":true,"href":"https:\/\/www.netsys.com.tr\/en\/wp-json\/wp\/v2\/users\/1"}],"replies":[{"embeddable":true,"href":"https:\/\/www.netsys.com.tr\/en\/wp-json\/wp\/v2\/comments?post=73"}],"version-history":[{"count":161,"href":"https:\/\/www.netsys.com.tr\/en\/wp-json\/wp\/v2\/pages\/73\/revisions"}],"predecessor-version":[{"id":3524,"href":"https:\/\/www.netsys.com.tr\/en\/wp-json\/wp\/v2\/pages\/73\/revisions\/3524"}],"wp:attachment":[{"href":"https:\/\/www.netsys.com.tr\/en\/wp-json\/wp\/v2\/media?parent=73"}],"curies":[{"name":"wp","href":"https:\/\/api.w.org\/{rel}","templated":true}]}}